{"id":1348,"date":"2024-01-27T15:47:09","date_gmt":"2024-01-27T15:47:09","guid":{"rendered":"https:\/\/villaveyron.com\/informacion-legal\/"},"modified":"2024-06-18T20:55:31","modified_gmt":"2024-06-18T20:55:31","slug":"informacion-legal","status":"publish","type":"page","link":"https:\/\/villaveyron.com\/es\/informacion-legal\/","title":{"rendered":"Informaci\u00f3n legal"},"content":{"rendered":"<p>[et_pb_section fb_built=\u00bb1&#8243; _builder_version=\u00bb4.19.4&#8243; _module_preset=\u00bbdefault\u00bb background_color=\u00bb#8C66F7&#8243; custom_margin=\u00bb||||false|false\u00bb custom_padding=\u00bb30px||30px||true|false\u00bb global_colors_info=\u00bb{}\u00bb][et_pb_row _builder_version=\u00bb4.19.4&#8243; _module_preset=\u00bbdefault\u00bb global_colors_info=\u00bb{}\u00bb][et_pb_column type=\u00bb4_4&#8243; _builder_version=\u00bb4.19.4&#8243; _module_preset=\u00bbdefault\u00bb global_colors_info=\u00bb{}\u00bb][et_pb_text content_tablet=\u00bb<\/p>\n<h1>CGV &#8211; VILLAVEYRON<\/h1>\n<p>\u00bb content_phone=\u00bb<\/p>\n<h1>CGV VILLAVEYRON<\/h1>\n<p>\u00bb content_last_edited=\u00bboff|tablet\u00bb _builder_version=\u00bb4.25.1&#8243; _module_preset=\u00bbdefault\u00bb header_font=\u00bbAlice||||||||\u00bb header_text_align=\u00bbcenter\u00bb header_text_color=\u00bb#FFFFFF\u00bb hover_enabled=\u00bb0&#8243; header_font_size_tablet=\u00bb35px\u00bb header_font_size_phone=\u00bb35px\u00bb header_font_size_last_edited=\u00bbon|tablet\u00bb global_colors_info=\u00bb{}\u00bb sticky_enabled=\u00bb0&#8243; header_font_size=\u00bb45px\u00bb]<\/p>\n<h1>AVISOS LEGALES<\/h1>\n<p>[\/et_pb_text][\/et_pb_column][\/et_pb_row][\/et_pb_section][et_pb_section fb_built=\u00bb1&#8243; admin_label=\u00bbsection\u00bb _builder_version=\u00bb4.16&#8243; global_colors_info=\u00bb{}\u00bb][et_pb_row admin_label=\u00bbfila\u00bb _builder_version=\u00bb4.16&#8243; background_size=\u00bbinitial\u00bb background_position=\u00bbtop_left\u00bb background_repeat=\u00bbrepeat\u00bb global_colors_info=\u00bb{}\u00bb][et_pb_column type=\u00bb4_4&#8243; _builder_version=\u00bb4.16&#8243; custom_padding=\u00bb|||\u00bb global_colors_info=\u00bb{}\u00bb custom_padding__hover=\u00bb|||\u00bb][et_pb_text admin_label=\u00bbText\u00bb _builder_version=\u00bb4.25.1&#8243; link_text_color=\u00bb#8C66F7&#8243; header_2_font=\u00bbMontserrat||||||||\u00bb header_2_text_color=\u00bb#8C66F7&#8243; header_2_font_size=\u00bb25px\u00bb background_size=\u00bbinitial\u00bb background_position=\u00bbtop_left\u00bb background_repeat=\u00bbrepeat\u00bb hover_enabled=\u00bb0&#8243; header_2_font_size_tablet=\u00bb25px\u00bb header_2_font_size_phone=\u00bb20px\u00bb header_2_font_size_last_edited=\u00bbon|phone\u00bb global_colors_info=\u00bb{}\u00bb sticky_enabled=\u00bb0&#8243;]<\/p>\n<h2><strong>Publicaci\u00f3n de sitios web<br \/><\/strong><\/h2>\n<div class=\"et_pb_column et_pb_column_4_4 et_pb_column_2 et_pb_css_mix_blend_mode_passthrough et-last-child\">\n<div class=\"et_pb_module et_pb_text et_pb_text_3 et_pb_text_align_left et_pb_bg_layout_light\">\n<div class=\"et_pb_text_inner\">\n<p><span style=\"font-weight: 400;\">De conformidad con lo dispuesto en el art\u00edculo 6 III 1\u00b0 de la ley n\u00b02004-575 de 21 de junio de 2004 para la confianza en la econom\u00eda digital, te informamos de que :<\/span><\/p>\n<p><span style=\"font-weight: 400;\">El sitio web https:\/\/villaveyron.com es propiedad de<\/span><strong>Villaveyron<\/strong><span style=\"font-weight: 400;\"> <strong>, <\/strong><\/span> registrada con el n\u00famero <span class=\"copyNumber__copy\">92909564400019<\/span><\/p>\n<p>El domicilio social de la empresa est\u00e1 en 420 route le Garric, 12220 Roussennac.<\/p>\n<p><span style=\"font-weight: 400;\">La direcci\u00f3n de correo electr\u00f3nico oficial de contacto es: <a href=\"mailto:contact@villaveyron.com\">contact@villaveyron.com<\/a><\/span><span style=\"font-weight: 400;\"><\/span><span style=\"font-weight: 400;\"><\/span><\/p>\n<p><span style=\"font-weight: 400;\"><\/span><\/p>\n<p><span style=\"font-weight: 400;\"><\/span><\/p>\n<h2><span style=\"font-weight: 400;\"><\/span><strong>Editar el sitio web<\/strong><\/h2>\n<\/div>\n<\/div>\n<\/div>\n<p>La <span style=\"font-weight: 400;\">directora de publicaci\u00f3n del <\/span> sitio<b>Candigraphie.fr<\/b><span style=\"font-weight: 400;\"> es<\/span><b> Candice Gineste <\/b>, en su calidad de dise\u00f1adora gr\u00e1fica.<\/p>\n<h2><strong><\/strong><\/h2>\n<h2><strong><\/strong><\/h2>\n<h2><strong>Alojamiento web<br \/><\/strong><\/h2>\n<p><span class=\"w8qArf\"><\/span> El sitio web https:\/\/villaveyron.com est\u00e1<strong>alojado<\/strong> en <strong>O2SWITCH, <\/strong>situado en <a href=\"https:\/\/www.google.com\/maps\/place\/\/data=!4m2!3m1!1s0x47f71c4316d14a4f:0x80871e95ce99e229?sa=X&amp;ved=1t:8290&amp;ictx=111\" style=\"cursor: pointer;\" data-url=\"\/maps\/place\/\/data=!4m2!3m1!1s0x47f71c4316d14a4f:0x80871e95ce99e229?sa=X&amp;ved=2ahUKEwj6pf6Vu-WGAxV2U6QEHWLbCnkQ4kB6BAgaEAA\" tabindex=\"0\"><br \/>\n  <span>Chemin des Pardiaux, 63000 Clermont-Ferrand.<\/span><br \/>\n<\/a><\/p>\n<p>[\/et_pb_text][\/et_pb_column][\/et_pb_row][\/et_pb_section]<\/p>\n","protected":false},"excerpt":{"rendered":"<p>AVISOS LEGALESPublicaci\u00f3n de sitios web De conformidad con lo dispuesto en el art\u00edculo 6 III 1\u00b0 de la ley n\u00b02004-575 de 21 de junio de 2004 para la confianza en la econom\u00eda digital, te informamos de que : El sitio web https:\/\/villaveyron.com es propiedad deVillaveyron , registrada con el n\u00famero 92909564400019 El domicilio social de [&hellip;]<\/p>\n","protected":false},"author":1,"featured_media":0,"parent":0,"menu_order":0,"comment_status":"closed","ping_status":"closed","template":"","meta":{"_et_pb_use_builder":"on","_et_pb_old_content":"","_et_gb_content_width":"","inline_featured_image":false,"footnotes":""},"class_list":["post-1348","page","type-page","status-publish","hentry"],"yoast_head":"<!-- This site is optimized with the Yoast SEO plugin v27.5 - https:\/\/yoast.com\/product\/yoast-seo-wordpress\/ -->\n<title>Informaci\u00f3n legal - Villaveyron<\/title>\n<meta name=\"robots\" content=\"noindex, nofollow\" \/>\n<meta property=\"og:locale\" content=\"es_ES\" \/>\n<meta property=\"og:type\" content=\"article\" \/>\n<meta property=\"og:title\" content=\"Informaci\u00f3n legal - Villaveyron\" \/>\n<meta property=\"og:description\" content=\"AVISOS LEGALESPublicaci\u00f3n de sitios web De conformidad con lo dispuesto en el art\u00edculo 6 III 1\u00b0 de la ley n\u00b02004-575 de 21 de junio de 2004 para la confianza en la econom\u00eda digital, te informamos de que : El sitio web https:\/\/villaveyron.com es propiedad deVillaveyron , registrada con el n\u00famero 92909564400019 El domicilio social de [&hellip;]\" \/>\n<meta property=\"og:url\" content=\"https:\/\/villaveyron.com\/es\/informacion-legal\/\" \/>\n<meta property=\"og:site_name\" content=\"Villaveyron\" \/>\n<meta property=\"article:modified_time\" content=\"2024-06-18T20:55:31+00:00\" \/>\n<meta name=\"twitter:card\" content=\"summary_large_image\" \/>\n<meta name=\"twitter:label1\" content=\"Tiempo de lectura\" \/>\n\t<meta name=\"twitter:data1\" content=\"2 minutos\" \/>\n<script type=\"application\/ld+json\" class=\"yoast-schema-graph\">{\"@context\":\"https:\\\/\\\/schema.org\",\"@graph\":[{\"@type\":\"WebPage\",\"@id\":\"https:\\\/\\\/villaveyron.com\\\/es\\\/informacion-legal\\\/\",\"url\":\"https:\\\/\\\/villaveyron.com\\\/es\\\/informacion-legal\\\/\",\"name\":\"Informaci\u00f3n legal - Villaveyron\",\"isPartOf\":{\"@id\":\"https:\\\/\\\/villaveyron.com\\\/es\\\/#website\"},\"datePublished\":\"2024-01-27T15:47:09+00:00\",\"dateModified\":\"2024-06-18T20:55:31+00:00\",\"breadcrumb\":{\"@id\":\"https:\\\/\\\/villaveyron.com\\\/es\\\/informacion-legal\\\/#breadcrumb\"},\"inLanguage\":\"es\",\"potentialAction\":[{\"@type\":\"ReadAction\",\"target\":[\"https:\\\/\\\/villaveyron.com\\\/es\\\/informacion-legal\\\/\"]}]},{\"@type\":\"BreadcrumbList\",\"@id\":\"https:\\\/\\\/villaveyron.com\\\/es\\\/informacion-legal\\\/#breadcrumb\",\"itemListElement\":[{\"@type\":\"ListItem\",\"position\":1,\"name\":\"Accueil\",\"item\":\"https:\\\/\\\/villaveyron.com\\\/es\\\/\"},{\"@type\":\"ListItem\",\"position\":2,\"name\":\"Informaci\u00f3n legal\"}]},{\"@type\":\"WebSite\",\"@id\":\"https:\\\/\\\/villaveyron.com\\\/es\\\/#website\",\"url\":\"https:\\\/\\\/villaveyron.com\\\/es\\\/\",\"name\":\"Villaveyron\",\"description\":\"Villaveyron\",\"potentialAction\":[{\"@type\":\"SearchAction\",\"target\":{\"@type\":\"EntryPoint\",\"urlTemplate\":\"https:\\\/\\\/villaveyron.com\\\/es\\\/?s={search_term_string}\"},\"query-input\":{\"@type\":\"PropertyValueSpecification\",\"valueRequired\":true,\"valueName\":\"search_term_string\"}}],\"inLanguage\":\"es\"}]}<\/script>\n<!-- \/ Yoast SEO plugin. -->","yoast_head_json":{"title":"Informaci\u00f3n legal - Villaveyron","robots":{"index":"noindex","follow":"nofollow"},"og_locale":"es_ES","og_type":"article","og_title":"Informaci\u00f3n legal - Villaveyron","og_description":"AVISOS LEGALESPublicaci\u00f3n de sitios web De conformidad con lo dispuesto en el art\u00edculo 6 III 1\u00b0 de la ley n\u00b02004-575 de 21 de junio de 2004 para la confianza en la econom\u00eda digital, te informamos de que : El sitio web https:\/\/villaveyron.com es propiedad deVillaveyron , registrada con el n\u00famero 92909564400019 El domicilio social de [&hellip;]","og_url":"https:\/\/villaveyron.com\/es\/informacion-legal\/","og_site_name":"Villaveyron","article_modified_time":"2024-06-18T20:55:31+00:00","twitter_card":"summary_large_image","twitter_misc":{"Tiempo de lectura":"2 minutos"},"schema":{"@context":"https:\/\/schema.org","@graph":[{"@type":"WebPage","@id":"https:\/\/villaveyron.com\/es\/informacion-legal\/","url":"https:\/\/villaveyron.com\/es\/informacion-legal\/","name":"Informaci\u00f3n legal - Villaveyron","isPartOf":{"@id":"https:\/\/villaveyron.com\/es\/#website"},"datePublished":"2024-01-27T15:47:09+00:00","dateModified":"2024-06-18T20:55:31+00:00","breadcrumb":{"@id":"https:\/\/villaveyron.com\/es\/informacion-legal\/#breadcrumb"},"inLanguage":"es","potentialAction":[{"@type":"ReadAction","target":["https:\/\/villaveyron.com\/es\/informacion-legal\/"]}]},{"@type":"BreadcrumbList","@id":"https:\/\/villaveyron.com\/es\/informacion-legal\/#breadcrumb","itemListElement":[{"@type":"ListItem","position":1,"name":"Accueil","item":"https:\/\/villaveyron.com\/es\/"},{"@type":"ListItem","position":2,"name":"Informaci\u00f3n legal"}]},{"@type":"WebSite","@id":"https:\/\/villaveyron.com\/es\/#website","url":"https:\/\/villaveyron.com\/es\/","name":"Villaveyron","description":"Villaveyron","potentialAction":[{"@type":"SearchAction","target":{"@type":"EntryPoint","urlTemplate":"https:\/\/villaveyron.com\/es\/?s={search_term_string}"},"query-input":{"@type":"PropertyValueSpecification","valueRequired":true,"valueName":"search_term_string"}}],"inLanguage":"es"}]}},"_links":{"self":[{"href":"https:\/\/villaveyron.com\/es\/wp-json\/wp\/v2\/pages\/1348","targetHints":{"allow":["GET"]}}],"collection":[{"href":"https:\/\/villaveyron.com\/es\/wp-json\/wp\/v2\/pages"}],"about":[{"href":"https:\/\/villaveyron.com\/es\/wp-json\/wp\/v2\/types\/page"}],"author":[{"embeddable":true,"href":"https:\/\/villaveyron.com\/es\/wp-json\/wp\/v2\/users\/1"}],"replies":[{"embeddable":true,"href":"https:\/\/villaveyron.com\/es\/wp-json\/wp\/v2\/comments?post=1348"}],"version-history":[{"count":31,"href":"https:\/\/villaveyron.com\/es\/wp-json\/wp\/v2\/pages\/1348\/revisions"}],"predecessor-version":[{"id":2212,"href":"https:\/\/villaveyron.com\/es\/wp-json\/wp\/v2\/pages\/1348\/revisions\/2212"}],"wp:attachment":[{"href":"https:\/\/villaveyron.com\/es\/wp-json\/wp\/v2\/media?parent=1348"}],"curies":[{"name":"wp","href":"https:\/\/api.w.org\/{rel}","templated":true}]}}